{"id":2,"date":"2015-11-27T10:34:15","date_gmt":"2015-11-27T10:34:15","guid":{"rendered":"http:\/\/www.vivianefreitas.com\/it\/?page_id=2"},"modified":"2018-04-16T16:22:00","modified_gmt":"2018-04-16T14:22:00","slug":"su-di-me","status":"publish","type":"page","link":"https:\/\/www.vivianefreitas.com\/it\/su-di-me\/","title":{"rendered":"Su di me"},"content":{"rendered":"<p>Mi chiamo Viviane Freitas, sono nata a Rio de Janeiro, Brasile, ma ho trascorso la maggior parte della mia infanzia negli Stati Uniti. Sono figlia di Edir Macedo e Ester Bezerra. Sono sposata da 23 anni con J\u00falio Freitas, abbiamo due figli: Vera e Louis. Ho gi\u00e0 vissuto in paesi dell&#8217;America meridionale, Stati Uniti e in altri paesi di Europa. Attualmente vivo in Texas. Realizzo con molta allegria e consegna un lavoro che aiuta miliari di persone, tra donne e giovani, attraverso gruppi di appoggio familiare e sociale, associati al Centro di Aiuto.<\/p>\n<p>Ma forse al leggere un breve riassunto della mia vita, pensi che tutto \u00e8 stato &#8220;rose e fiori&#8221;, ma non \u00e8 stato cos\u00ec.<\/p>\n<p>Sono nata con l<span id=\"result_box\" class=\"short_text\" lang=\"it\"><span class=\"hps\">abbro<\/span> <span class=\"hps\">leporino e palatoschisi, e questo gener\u00f2 dentro di me molti traumi e insicurezze durante la mia infanzia e adolescenza. Sono cresciuta in un ambiente pieno di amore, dove avevo un padre e una madre molto uniti, e questo si riflette nella nostra famiglia. Abbiamo avuto tutta la tenerezza che una madre pu\u00f2 dare, ma questo non mi ha liberata dallo scoprire che il mondo non era quella meraviglia che avevo in casa. Ancora molto giovane, ho iniziato a vivere un tormento nella mia vita. A casa, ero completamente felice, ma al dover affrontare un mondo crudele l\u00e0 fuori, iniziai ad essere triste, oppressa; sono stata discriminata, attaccata da tutti i tipi di parole crudeli che una bambina pu\u00f2 ascoltare. I miei conflitti interni iniziarono ad essere evidenti nel mio comportamento.<br \/>\n<\/span><\/span><\/p>\n<p>Oltre a questo, al lato di mio marito, J\u00falio Freitas, facendo insieme l&#8217;Opera di Dio, abbiamo passato per adattamenti e quelle esperienze ci hanno fatto maturare, principalmente con la perdita dei nostri due figli. Quella situazione ha marcato tanto la mia vita e mi ha insegnato grandi lezioni. Con tutto questo ho dovuto imparare a superare i miei conflitti esterni ed interni, ho dovuto incontrarmi, confrontarmi, e tutto questo per contro proprio.<\/p>\n<div id=\"gt-src-tools\">Questo \u00e8 stato il principale motivo che fece sorgere il mio Blog, poich\u00e8 l&#8217;obiettivo \u00e8 condividere con tutte le internauta le esperienze che ho vissuto nella mia vita, ma soprattutto come ho superato ognuna di esse.<\/div>\n<div id=\"gt-input-tool\"><\/div>\n<p>Qui nel mio Blog conoscerai pi\u00f9 dettagliatamente ognuna di queste storie. Ho la certezza che ti identificherai e ti sorprenderai con le mie storie personali.<br \/>\nIl coraggio di rendere pubblico il mio diario, internauta, \u00e8 per mostrarti che cos\u00ec come li hai tu, anch&#8217;io ho avuto i miei conflitti ed insicurezze, ma ho imparato l&#8217;uso di una fede intelligente, e con questo ho scoperto i miei diritti. Sono diventata una donna originale, forte e con la mia propria personalit\u00e0, ed \u00e8 esattamente questo che voglio aiutarti a diventare.<\/p>\n<p>Oltre a questo, condivido sempre attraverso i miei audio messaggi di aiuto di una fede intelligente per la tua vita spirituale.<\/p>\n<p>Sentiti libera di navigare per tutto il Blog e condividi con me, attraverso i tuoi commenti, cosa ti ha aiutata.<\/p>\n<p>Ci vediamo nel prossimo <em>post.<\/em> Nella fede!<\/p>\n<p>&nbsp;<\/p>\n","protected":false},"excerpt":{"rendered":"<p>Mi chiamo Viviane Freitas, sono nata a Rio de Janeiro, Brasile, ma ho trascorso la maggior parte della mia infanzia negli Stati Uniti. Sono figlia di Edir Macedo e Ester Bezerra. Sono sposata da 23 anni con J\u00falio Freitas, abbiamo due figli: Vera e Louis. Ho gi\u00e0 vissuto in paesi dell&#8217;America meridionale, Stati Uniti e<\/p>\n<p class=\"bold\"><a href=\"https:\/\/www.vivianefreitas.com\/it\/su-di-me\/\">Leggi tutto<\/a><\/p>\n","protected":false},"author":12,"featured_media":2188,"parent":0,"menu_order":0,"comment_status":"open","ping_status":"open","template":"","meta":{"_monsterinsights_skip_tracking":false,"_monsterinsights_sitenote_active":false,"_monsterinsights_sitenote_note":"","_monsterinsights_sitenote_category":0,"footnotes":""},"class_list":["post-2","page","type-page","status-publish","has-post-thumbnail","hentry"],"better_featured_image":{"id":2188,"alt_text":"","caption":"","description":"","media_type":"image","media_details":{"width":2000,"height":1333,"file":"2018\/04\/IMG_6266.jpg","image_meta":{"aperture":"4.5","credit":"","camera":"Canon EOS 550D","caption":"","created_timestamp":"1359660558","copyright":"iurd.pt","focal_length":"20","iso":"400","shutter_speed":"0.02","title":"","orientation":"1","keywords":[]},"sizes":{}},"post":2,"source_url":"https:\/\/www.vivianefreitas.com\/it\/wp-content\/blogs.dir\/8\/files\/2018\/04\/IMG_6266.jpg"},"yoast_head":"<!-- This site is optimized with the Yoast SEO plugin v25.0 - https:\/\/yoast.com\/wordpress\/plugins\/seo\/ -->\n<title>Su di me - Viviane Freitas<\/title>\n<meta name=\"robots\" content=\"index, follow, max-snippet:-1, max-image-preview:large, max-video-preview:-1\" \/>\n<link rel=\"canonical\" href=\"https:\/\/www.vivianefreitas.com\/it\/su-di-me\/\" \/>\n<meta property=\"og:locale\" content=\"it_IT\" \/>\n<meta property=\"og:type\" content=\"article\" \/>\n<meta property=\"og:title\" content=\"Su di me - Viviane Freitas\" \/>\n<meta property=\"og:description\" content=\"Mi chiamo Viviane Freitas, sono nata a Rio de Janeiro, Brasile, ma ho trascorso la maggior parte della mia infanzia negli Stati Uniti. Sono figlia di Edir Macedo e Ester Bezerra. Sono sposata da 23 anni con J\u00falio Freitas, abbiamo due figli: Vera e Louis. Ho gi\u00e0 vissuto in paesi dell&#8217;America meridionale, Stati Uniti eLeggi tutto\" \/>\n<meta property=\"og:url\" content=\"https:\/\/www.vivianefreitas.com\/it\/su-di-me\/\" \/>\n<meta property=\"og:site_name\" content=\"Viviane Freitas\" \/>\n<meta property=\"article:modified_time\" content=\"2018-04-16T14:22:00+00:00\" \/>\n<meta property=\"og:image\" content=\"https:\/\/www.vivianefreitas.com\/it\/files\/2018\/04\/IMG_6266.jpg\" \/>\n\t<meta property=\"og:image:width\" content=\"2000\" \/>\n\t<meta property=\"og:image:height\" content=\"1333\" \/>\n\t<meta property=\"og:image:type\" content=\"image\/jpeg\" \/>\n<meta name=\"twitter:card\" content=\"summary_large_image\" \/>\n<meta name=\"twitter:label1\" content=\"Tempo di lettura stimato\" \/>\n\t<meta name=\"twitter:data1\" content=\"2 minuti\" \/>\n<script type=\"application\/ld+json\" class=\"yoast-schema-graph\">{\"@context\":\"https:\/\/schema.org\",\"@graph\":[{\"@type\":\"WebPage\",\"@id\":\"https:\/\/www.vivianefreitas.com\/it\/su-di-me\/\",\"url\":\"https:\/\/www.vivianefreitas.com\/it\/su-di-me\/\",\"name\":\"Su di me - Viviane Freitas\",\"isPartOf\":{\"@id\":\"https:\/\/www.vivianefreitas.com\/it\/#website\"},\"primaryImageOfPage\":{\"@id\":\"https:\/\/www.vivianefreitas.com\/it\/su-di-me\/#primaryimage\"},\"image\":{\"@id\":\"https:\/\/www.vivianefreitas.com\/it\/su-di-me\/#primaryimage\"},\"thumbnailUrl\":\"https:\/\/www.vivianefreitas.com\/it\/wp-content\/blogs.dir\/8\/files\/2018\/04\/IMG_6266.jpg\",\"datePublished\":\"2015-11-27T10:34:15+00:00\",\"dateModified\":\"2018-04-16T14:22:00+00:00\",\"breadcrumb\":{\"@id\":\"https:\/\/www.vivianefreitas.com\/it\/su-di-me\/#breadcrumb\"},\"inLanguage\":\"it-IT\",\"potentialAction\":[{\"@type\":\"ReadAction\",\"target\":[\"https:\/\/www.vivianefreitas.com\/it\/su-di-me\/\"]}]},{\"@type\":\"ImageObject\",\"inLanguage\":\"it-IT\",\"@id\":\"https:\/\/www.vivianefreitas.com\/it\/su-di-me\/#primaryimage\",\"url\":\"https:\/\/www.vivianefreitas.com\/it\/wp-content\/blogs.dir\/8\/files\/2018\/04\/IMG_6266.jpg\",\"contentUrl\":\"https:\/\/www.vivianefreitas.com\/it\/wp-content\/blogs.dir\/8\/files\/2018\/04\/IMG_6266.jpg\",\"width\":2000,\"height\":1333},{\"@type\":\"BreadcrumbList\",\"@id\":\"https:\/\/www.vivianefreitas.com\/it\/su-di-me\/#breadcrumb\",\"itemListElement\":[{\"@type\":\"ListItem\",\"position\":1,\"name\":\"Home\",\"item\":\"https:\/\/www.vivianefreitas.com\/it\/\"},{\"@type\":\"ListItem\",\"position\":2,\"name\":\"Su di me\"}]},{\"@type\":\"WebSite\",\"@id\":\"https:\/\/www.vivianefreitas.com\/it\/#website\",\"url\":\"https:\/\/www.vivianefreitas.com\/it\/\",\"name\":\"Viviane Freitas\",\"description\":\"Blog Ufficiale\",\"potentialAction\":[{\"@type\":\"SearchAction\",\"target\":{\"@type\":\"EntryPoint\",\"urlTemplate\":\"https:\/\/www.vivianefreitas.com\/it\/?s={search_term_string}\"},\"query-input\":{\"@type\":\"PropertyValueSpecification\",\"valueRequired\":true,\"valueName\":\"search_term_string\"}}],\"inLanguage\":\"it-IT\"}]}<\/script>\n<!-- \/ Yoast SEO plugin. -->","yoast_head_json":{"title":"Su di me - Viviane Freitas","robots":{"index":"index","follow":"follow","max-snippet":"max-snippet:-1","max-image-preview":"max-image-preview:large","max-video-preview":"max-video-preview:-1"},"canonical":"https:\/\/www.vivianefreitas.com\/it\/su-di-me\/","og_locale":"it_IT","og_type":"article","og_title":"Su di me - Viviane Freitas","og_description":"Mi chiamo Viviane Freitas, sono nata a Rio de Janeiro, Brasile, ma ho trascorso la maggior parte della mia infanzia negli Stati Uniti. Sono figlia di Edir Macedo e Ester Bezerra. Sono sposata da 23 anni con J\u00falio Freitas, abbiamo due figli: Vera e Louis. Ho gi\u00e0 vissuto in paesi dell&#8217;America meridionale, Stati Uniti eLeggi tutto","og_url":"https:\/\/www.vivianefreitas.com\/it\/su-di-me\/","og_site_name":"Viviane Freitas","article_modified_time":"2018-04-16T14:22:00+00:00","og_image":[{"width":2000,"height":1333,"url":"https:\/\/www.vivianefreitas.com\/it\/files\/2018\/04\/IMG_6266.jpg","type":"image\/jpeg"}],"twitter_card":"summary_large_image","twitter_misc":{"Tempo di lettura stimato":"2 minuti"},"schema":{"@context":"https:\/\/schema.org","@graph":[{"@type":"WebPage","@id":"https:\/\/www.vivianefreitas.com\/it\/su-di-me\/","url":"https:\/\/www.vivianefreitas.com\/it\/su-di-me\/","name":"Su di me - Viviane Freitas","isPartOf":{"@id":"https:\/\/www.vivianefreitas.com\/it\/#website"},"primaryImageOfPage":{"@id":"https:\/\/www.vivianefreitas.com\/it\/su-di-me\/#primaryimage"},"image":{"@id":"https:\/\/www.vivianefreitas.com\/it\/su-di-me\/#primaryimage"},"thumbnailUrl":"https:\/\/www.vivianefreitas.com\/it\/wp-content\/blogs.dir\/8\/files\/2018\/04\/IMG_6266.jpg","datePublished":"2015-11-27T10:34:15+00:00","dateModified":"2018-04-16T14:22:00+00:00","breadcrumb":{"@id":"https:\/\/www.vivianefreitas.com\/it\/su-di-me\/#breadcrumb"},"inLanguage":"it-IT","potentialAction":[{"@type":"ReadAction","target":["https:\/\/www.vivianefreitas.com\/it\/su-di-me\/"]}]},{"@type":"ImageObject","inLanguage":"it-IT","@id":"https:\/\/www.vivianefreitas.com\/it\/su-di-me\/#primaryimage","url":"https:\/\/www.vivianefreitas.com\/it\/wp-content\/blogs.dir\/8\/files\/2018\/04\/IMG_6266.jpg","contentUrl":"https:\/\/www.vivianefreitas.com\/it\/wp-content\/blogs.dir\/8\/files\/2018\/04\/IMG_6266.jpg","width":2000,"height":1333},{"@type":"BreadcrumbList","@id":"https:\/\/www.vivianefreitas.com\/it\/su-di-me\/#breadcrumb","itemListElement":[{"@type":"ListItem","position":1,"name":"Home","item":"https:\/\/www.vivianefreitas.com\/it\/"},{"@type":"ListItem","position":2,"name":"Su di me"}]},{"@type":"WebSite","@id":"https:\/\/www.vivianefreitas.com\/it\/#website","url":"https:\/\/www.vivianefreitas.com\/it\/","name":"Viviane Freitas","description":"Blog Ufficiale","potentialAction":[{"@type":"SearchAction","target":{"@type":"EntryPoint","urlTemplate":"https:\/\/www.vivianefreitas.com\/it\/?s={search_term_string}"},"query-input":{"@type":"PropertyValueSpecification","valueRequired":true,"valueName":"search_term_string"}}],"inLanguage":"it-IT"}]}},"_links":{"self":[{"href":"https:\/\/www.vivianefreitas.com\/it\/wp-json\/wp\/v2\/pages\/2","targetHints":{"allow":["GET"]}}],"collection":[{"href":"https:\/\/www.vivianefreitas.com\/it\/wp-json\/wp\/v2\/pages"}],"about":[{"href":"https:\/\/www.vivianefreitas.com\/it\/wp-json\/wp\/v2\/types\/page"}],"author":[{"embeddable":true,"href":"https:\/\/www.vivianefreitas.com\/it\/wp-json\/wp\/v2\/users\/12"}],"replies":[{"embeddable":true,"href":"https:\/\/www.vivianefreitas.com\/it\/wp-json\/wp\/v2\/comments?post=2"}],"version-history":[{"count":8,"href":"https:\/\/www.vivianefreitas.com\/it\/wp-json\/wp\/v2\/pages\/2\/revisions"}],"predecessor-version":[{"id":2189,"href":"https:\/\/www.vivianefreitas.com\/it\/wp-json\/wp\/v2\/pages\/2\/revisions\/2189"}],"wp:featuredmedia":[{"embeddable":true,"href":"https:\/\/www.vivianefreitas.com\/it\/wp-json\/wp\/v2\/media\/2188"}],"wp:attachment":[{"href":"https:\/\/www.vivianefreitas.com\/it\/wp-json\/wp\/v2\/media?parent=2"}],"curies":[{"name":"wp","href":"https:\/\/api.w.org\/{rel}","templated":true}]}}