{"id":7,"date":"2012-02-03T09:57:40","date_gmt":"2012-02-03T09:57:40","guid":{"rendered":"http:\/\/www.vivianefreitas.com\/es\/?page_id=2"},"modified":"2012-02-03T09:57:40","modified_gmt":"2012-02-03T09:57:40","slug":"pagina-exemplo-2","status":"publish","type":"page","link":"https:\/\/www.vivianefreitas.com\/fr\/pagina-exemplo-2\/","title":{"rendered":"Exemplo de P\u00e1gina"},"content":{"rendered":"<p>Isto \u00e9 um exemplo de p\u00e1gina. \u00c9 diferente de um post porque fica no mesmo s\u00edtio e aparece na navega\u00e7\u00e3o do seu site (na maior parte dos temas). O normal \u00e9 come\u00e7ar com uma p\u00e1gina \u00ab\u00a0Acerca de\u00a0\u00bb, que apresenta o site aos visitantes. Poderia ser qualquer coisa deste tipo:<\/p>\n<blockquote><p>Ol\u00e1! Fa\u00e7o entregas durante o dia, mas estudo para ser actor \u00e0 noite. Este \u00e9 o meu blog. Vivo em Lisboa, tenho um c\u00e3o chamado Belarmino e gosto de caipirinhas (e de ver a relva a crescer).<\/p><\/blockquote>\n<p>&#8230;ou deste:<\/p>\n<blockquote><p>A Gambuzinos XPTO foi fundada em 1971 e tem, desde ent\u00e3o, fornecido gambuzinos da mais alta qualidade aos seus clientes. Localizada em Gotham, a Gambuzinos XPTO emprega mais de 2,000 colaboradores e \u00e9 um dos pilares da comunidade de Gotham.<\/p><\/blockquote>\n<p>Visite <a href=\"http:\/\/www.vivianefreitas.com\/es\/wp-admin\/\">o seu painel<\/a> para apagar esta p\u00e1gina ou para criar mais p\u00e1ginas para o seu conte\u00fado. Divirta-se!<\/p>\n","protected":false},"excerpt":{"rendered":"<p>Isto \u00e9 um exemplo de p\u00e1gina. \u00c9 diferente de um post porque fica no mesmo s\u00edtio e aparece na navega\u00e7\u00e3o do seu site (na maior parte dos temas). O normal \u00e9 come\u00e7ar com uma p\u00e1gina \u00ab\u00a0Acerca de\u00a0\u00bb, que apresenta o site aos visitantes. Poderia ser qualquer coisa deste tipo: Ol\u00e1! Fa\u00e7o entregas durante o dia,<\/p>\n<p class=\"bold\"><a href=\"https:\/\/www.vivianefreitas.com\/fr\/pagina-exemplo-2\/\">En savoir plus<\/a><\/p>\n","protected":false},"author":1,"featured_media":0,"parent":0,"menu_order":0,"comment_status":"open","ping_status":"open","template":"","meta":{"_monsterinsights_skip_tracking":false,"_monsterinsights_sitenote_active":false,"_monsterinsights_sitenote_note":"","_monsterinsights_sitenote_category":0,"footnotes":""},"class_list":["post-7","page","type-page","status-publish","hentry"],"better_featured_image":null,"yoast_head":"<!-- This site is optimized with the Yoast SEO plugin v25.0 - https:\/\/yoast.com\/wordpress\/plugins\/seo\/ -->\n<title>Exemplo de P\u00e1gina - Blog Viviane Freitas<\/title>\n<meta name=\"robots\" content=\"index, follow, max-snippet:-1, max-image-preview:large, max-video-preview:-1\" \/>\n<link rel=\"canonical\" href=\"https:\/\/www.vivianefreitas.com\/fr\/pagina-exemplo-2\/\" \/>\n<meta property=\"og:locale\" content=\"fr_FR\" \/>\n<meta property=\"og:type\" content=\"article\" \/>\n<meta property=\"og:title\" content=\"Exemplo de P\u00e1gina - Blog Viviane Freitas\" \/>\n<meta property=\"og:description\" content=\"Isto \u00e9 um exemplo de p\u00e1gina. \u00c9 diferente de um post porque fica no mesmo s\u00edtio e aparece na navega\u00e7\u00e3o do seu site (na maior parte dos temas). O normal \u00e9 come\u00e7ar com uma p\u00e1gina \u00ab\u00a0Acerca de\u00a0\u00bb, que apresenta o site aos visitantes. Poderia ser qualquer coisa deste tipo: Ol\u00e1! Fa\u00e7o entregas durante o dia,En savoir plus\" \/>\n<meta property=\"og:url\" content=\"https:\/\/www.vivianefreitas.com\/fr\/pagina-exemplo-2\/\" \/>\n<meta property=\"og:site_name\" content=\"Blog Viviane Freitas\" \/>\n<meta name=\"twitter:card\" content=\"summary_large_image\" \/>\n<meta name=\"twitter:label1\" content=\"Dur\u00e9e de lecture estim\u00e9e\" \/>\n\t<meta name=\"twitter:data1\" content=\"1 minute\" \/>\n<script type=\"application\/ld+json\" class=\"yoast-schema-graph\">{\"@context\":\"https:\/\/schema.org\",\"@graph\":[{\"@type\":\"WebPage\",\"@id\":\"https:\/\/www.vivianefreitas.com\/fr\/pagina-exemplo-2\/\",\"url\":\"https:\/\/www.vivianefreitas.com\/fr\/pagina-exemplo-2\/\",\"name\":\"Exemplo de P\u00e1gina - Blog Viviane Freitas\",\"isPartOf\":{\"@id\":\"https:\/\/www.vivianefreitas.com\/fr\/#website\"},\"datePublished\":\"2012-02-03T09:57:40+00:00\",\"inLanguage\":\"fr-FR\",\"potentialAction\":[{\"@type\":\"ReadAction\",\"target\":[\"https:\/\/www.vivianefreitas.com\/fr\/pagina-exemplo-2\/\"]}]},{\"@type\":\"WebSite\",\"@id\":\"https:\/\/www.vivianefreitas.com\/fr\/#website\",\"url\":\"https:\/\/www.vivianefreitas.com\/fr\/\",\"name\":\"Blog Viviane Freitas\",\"description\":\"Bienvenue dans mon Blog\",\"potentialAction\":[{\"@type\":\"SearchAction\",\"target\":{\"@type\":\"EntryPoint\",\"urlTemplate\":\"https:\/\/www.vivianefreitas.com\/fr\/?s={search_term_string}\"},\"query-input\":{\"@type\":\"PropertyValueSpecification\",\"valueRequired\":true,\"valueName\":\"search_term_string\"}}],\"inLanguage\":\"fr-FR\"}]}<\/script>\n<!-- \/ Yoast SEO plugin. -->","yoast_head_json":{"title":"Exemplo de P\u00e1gina - Blog Viviane Freitas","robots":{"index":"index","follow":"follow","max-snippet":"max-snippet:-1","max-image-preview":"max-image-preview:large","max-video-preview":"max-video-preview:-1"},"canonical":"https:\/\/www.vivianefreitas.com\/fr\/pagina-exemplo-2\/","og_locale":"fr_FR","og_type":"article","og_title":"Exemplo de P\u00e1gina - Blog Viviane Freitas","og_description":"Isto \u00e9 um exemplo de p\u00e1gina. \u00c9 diferente de um post porque fica no mesmo s\u00edtio e aparece na navega\u00e7\u00e3o do seu site (na maior parte dos temas). O normal \u00e9 come\u00e7ar com uma p\u00e1gina \u00ab\u00a0Acerca de\u00a0\u00bb, que apresenta o site aos visitantes. Poderia ser qualquer coisa deste tipo: Ol\u00e1! Fa\u00e7o entregas durante o dia,En savoir plus","og_url":"https:\/\/www.vivianefreitas.com\/fr\/pagina-exemplo-2\/","og_site_name":"Blog Viviane Freitas","twitter_card":"summary_large_image","twitter_misc":{"Dur\u00e9e de lecture estim\u00e9e":"1 minute"},"schema":{"@context":"https:\/\/schema.org","@graph":[{"@type":"WebPage","@id":"https:\/\/www.vivianefreitas.com\/fr\/pagina-exemplo-2\/","url":"https:\/\/www.vivianefreitas.com\/fr\/pagina-exemplo-2\/","name":"Exemplo de P\u00e1gina - Blog Viviane Freitas","isPartOf":{"@id":"https:\/\/www.vivianefreitas.com\/fr\/#website"},"datePublished":"2012-02-03T09:57:40+00:00","inLanguage":"fr-FR","potentialAction":[{"@type":"ReadAction","target":["https:\/\/www.vivianefreitas.com\/fr\/pagina-exemplo-2\/"]}]},{"@type":"WebSite","@id":"https:\/\/www.vivianefreitas.com\/fr\/#website","url":"https:\/\/www.vivianefreitas.com\/fr\/","name":"Blog Viviane Freitas","description":"Bienvenue dans mon Blog","potentialAction":[{"@type":"SearchAction","target":{"@type":"EntryPoint","urlTemplate":"https:\/\/www.vivianefreitas.com\/fr\/?s={search_term_string}"},"query-input":{"@type":"PropertyValueSpecification","valueRequired":true,"valueName":"search_term_string"}}],"inLanguage":"fr-FR"}]}},"_links":{"self":[{"href":"https:\/\/www.vivianefreitas.com\/fr\/wp-json\/wp\/v2\/pages\/7","targetHints":{"allow":["GET"]}}],"collection":[{"href":"https:\/\/www.vivianefreitas.com\/fr\/wp-json\/wp\/v2\/pages"}],"about":[{"href":"https:\/\/www.vivianefreitas.com\/fr\/wp-json\/wp\/v2\/types\/page"}],"author":[{"embeddable":true,"href":"https:\/\/www.vivianefreitas.com\/fr\/wp-json\/wp\/v2\/users\/1"}],"replies":[{"embeddable":true,"href":"https:\/\/www.vivianefreitas.com\/fr\/wp-json\/wp\/v2\/comments?post=7"}],"version-history":[{"count":0,"href":"https:\/\/www.vivianefreitas.com\/fr\/wp-json\/wp\/v2\/pages\/7\/revisions"}],"wp:attachment":[{"href":"https:\/\/www.vivianefreitas.com\/fr\/wp-json\/wp\/v2\/media?parent=7"}],"curies":[{"name":"wp","href":"https:\/\/api.w.org\/{rel}","templated":true}]}}