{"id":21955,"date":"2018-08-06T05:00:44","date_gmt":"2018-08-06T03:00:44","guid":{"rendered":"http:\/\/www.vivianefreitas.com\/fr\/?page_id=21955"},"modified":"2018-11-30T10:32:13","modified_gmt":"2018-11-30T08:32:13","slug":"orientations","status":"publish","type":"page","link":"https:\/\/www.vivianefreitas.com\/fr\/orientations\/","title":{"rendered":"Orientations"},"content":{"rendered":"<p>Bonjour \u00e0 toutes!<br \/>\nNous sommes dans la foi de donner nos 100% dans ce Je\u00fbne de Daniel. Et dans ces 100%, nous allons apprendre, comment donner la d\u00eeme de notre temps \u00e0 Dieu, en mettant notre vie r\u00e9ellement sur l&rsquo;Autel et \u00e0 nous int\u00e9resser aux pens\u00e9es de Dieu. C\u2019est pourquoi, nous devons nous discipliner pour consacrer ce temps, comme quelque chose de sacr\u00e9, cessant d&rsquo;\u00eatre anxieuses, inqui\u00e8tes et agit\u00e9es, en faisant de la m\u00e9ditation, notre premier moment de la journ\u00e9e.<\/p>\n<p><strong>PR\u00c9PAREZ-VOUS:<\/strong><\/p>\n<p><strong>ALARME<\/strong> \u2013 Pr\u00e9parez votre alarme, dormez \u00e9galement t\u00f4t, afin de ne pas faire les choses, de n\u2019importe quelle fa\u00e7on, mais de toute votre force. R\u00e9veillez-vous 1 heure avant de d\u00e9buter votre routine ou d\u2019assumer vos responsabilit\u00e9s, afin de ne pas rester agit\u00e9e ou anxieuse avec les occupations de cette journ\u00e9e.<\/p>\n<p><strong>\u00caTRE EN ESPRIT<\/strong> \u2013 Il est d&rsquo;une importance primordiale d\u2019\u00eatre en esprit de pri\u00e8re, afin que Dieu parle avec vous et que vous puissiez voir ce vous devez encore faire ou \u00eatre.<\/p>\n<p><strong>M\u00c9DITEZ<\/strong> \u2013 N\u2019\u00e9coutez pas l&rsquo;audio de la m\u00e9ditation avant de m\u00e9diter les Saintes \u00c9critures. Pourquoi? Car il est n\u00e9cessaire que vous y portiez de l&rsquo;int\u00e9r\u00eat, que vous puissiez penser, comprendre. N\u2019en tirez pas vos propres conclusions, imm\u00e9diatement. Apportez-les dans votre propre vie. La m\u00e9ditation requiert une recherche, elle nous m\u00e8ne \u00e0 nous questionner et \u00e0 r\u00e9fl\u00e9chir, afin que vous puissiez l\u2019exercer dans votre quotidien. Analysez-vous, par rapport \u00e0 ce que vous \u00eates en train de lire. Comparez-vous aux \u00c9critures. Puis pesez, \u00e9valuez et jugez votre situation.<\/p>\n<p><strong>PENS\u00c9E<\/strong> \u2013 Nous allons nous coucher, en pensant au moment d\u2019\u00eatre avec J\u00e9sus. Apr\u00e8s avoir accompli l&rsquo;ensemble de nos t\u00e2ches, nous allons focaliser nos derni\u00e8res pens\u00e9es, pour nous pr\u00e9parer pour le lendemain.<\/p>\n<p><strong>VEILLEZ SUR VOUS<\/strong> \u2013 Le fait de veiller, montre que vous avez gard\u00e9 ce que vous avez lu, vous le consid\u00e9rez et vous le respectez. Vous avez la crainte d\u2019accomplir ce que vous avez lu. Lorsque vous veillez, vous pesez r\u00e9ellement vos r\u00e9actions, face \u00e0 ce que vous savez. Remarquez, comment vous \u00eates en train d\u2019agir, \u00e0 tout moment: Ce que vous dites dans votre int\u00e9rieur, ce que vous faites avec votre temps, la fa\u00e7on dont vous parlez avec Dieu, ce que vous faites \u00e0 propos de ce que vous avez demand\u00e9 \u00e0 Dieu, etc. Veillez et observez-vous, en toutes choses, m\u00eame dans vos attitudes envers les autres personnes.<\/p>\n<p><strong>SECRET DE LA M\u00c9DITATION:<\/strong><\/p>\n<p><strong>AVOIR BESOIN DE DIEU<\/strong> \u2013 Il vous suffit d\u2019observer lorsque vous \u00eates afflig\u00e9e, vous restez plus flexible pour \u00e9couter, plus humble et d\u2019ailleurs vos pens\u00e9es ont l\u2019objectif d&rsquo;obtenir une r\u00e9ponse \u00e0 cette n\u00e9cessit\u00e9. C&rsquo;est ainsi, lorsque j&rsquo;ai soif de savoir ce que Dieu veut que je fasse et sois.<\/p>\n<p><strong>NE SOYEZ PAS ANXIEUSE, NI INQUI\u00c8TE<\/strong> &#8211; Il est important pour vous de m\u00e9diter et de ne pas avoir votre esprit pr\u00e9occup\u00e9, avec vos t\u00e2ches. Si vous \u00eates inqui\u00e8te ou anxieuse, faites une pri\u00e8re, dans laquelle vous d\u00e9terminez que vous n\u2019allez pas c\u00e9der \u00e0 cette pr\u00e9occupation. Expulsez de vous l&rsquo;anxi\u00e9t\u00e9 et continuez \u00e0 m\u00e9diter.<\/p>\n<p><strong>PENS\u00c9ES EN DIEU<\/strong> \u2013 Il est tr\u00e8s important de lire, de m\u00e9diter et de ne pas laisser s&rsquo;\u00e9vaporer ce que Dieu dit dans Sa Parole. Mais comment? En vous permettant de vous distraire avec les occupations, le travail et les soucis du quotidien. Nous devrions \u00eatre, \u00e0 tout moment, en syntonie avec Dieu, plut\u00f4t que de penser aux choses du quotidien.<\/p>\n","protected":false},"excerpt":{"rendered":"<p>Bonjour \u00e0 toutes! Nous sommes dans la foi de donner nos 100% dans ce Je\u00fbne de Daniel. Et dans ces 100%, nous allons apprendre, comment donner la d\u00eeme de notre temps \u00e0 Dieu, en mettant notre vie r\u00e9ellement sur l&rsquo;Autel et \u00e0 nous int\u00e9resser aux pens\u00e9es de Dieu. C\u2019est pourquoi, nous devons nous discipliner pour<\/p>\n<p class=\"bold\"><a href=\"https:\/\/www.vivianefreitas.com\/fr\/orientations\/\">En savoir plus<\/a><\/p>\n","protected":false},"author":3687,"featured_media":21953,"parent":0,"menu_order":0,"comment_status":"closed","ping_status":"closed","template":"","meta":{"_monsterinsights_skip_tracking":false,"_monsterinsights_sitenote_active":false,"_monsterinsights_sitenote_note":"","_monsterinsights_sitenote_category":0,"footnotes":""},"class_list":["post-21955","page","type-page","status-publish","has-post-thumbnail","hentry"],"better_featured_image":{"id":21953,"alt_text":"","caption":"","description":"","media_type":"image","media_details":{"width":825,"height":325,"file":"2018\/08\/2testemunho-825x325.jpg","image_meta":{"aperture":"0","credit":"","camera":"","caption":"","created_timestamp":"0","copyright":"","focal_length":"0","iso":"0","shutter_speed":"0","title":"","orientation":"0","keywords":[]},"sizes":{}},"post":null,"source_url":"https:\/\/www.vivianefreitas.com\/fr\/wp-content\/blogs.dir\/3\/files\/2018\/08\/2testemunho-825x325.jpg"},"yoast_head":"<!-- This site is optimized with the Yoast SEO plugin v25.0 - https:\/\/yoast.com\/wordpress\/plugins\/seo\/ -->\n<title>Orientations - Blog Viviane Freitas<\/title>\n<meta name=\"robots\" content=\"index, follow, max-snippet:-1, max-image-preview:large, max-video-preview:-1\" \/>\n<link rel=\"canonical\" href=\"https:\/\/www.vivianefreitas.com\/fr\/orientations\/\" \/>\n<meta property=\"og:locale\" content=\"fr_FR\" \/>\n<meta property=\"og:type\" content=\"article\" \/>\n<meta property=\"og:title\" content=\"Orientations - Blog Viviane Freitas\" \/>\n<meta property=\"og:description\" content=\"Bonjour \u00e0 toutes! Nous sommes dans la foi de donner nos 100% dans ce Je\u00fbne de Daniel. Et dans ces 100%, nous allons apprendre, comment donner la d\u00eeme de notre temps \u00e0 Dieu, en mettant notre vie r\u00e9ellement sur l&rsquo;Autel et \u00e0 nous int\u00e9resser aux pens\u00e9es de Dieu. C\u2019est pourquoi, nous devons nous discipliner pourEn savoir plus\" \/>\n<meta property=\"og:url\" content=\"https:\/\/www.vivianefreitas.com\/fr\/orientations\/\" \/>\n<meta property=\"og:site_name\" content=\"Blog Viviane Freitas\" \/>\n<meta property=\"article:modified_time\" content=\"2018-11-30T08:32:13+00:00\" \/>\n<meta property=\"og:image\" content=\"https:\/\/www.vivianefreitas.com\/fr\/files\/2018\/08\/2testemunho-825x325.jpg\" \/>\n\t<meta property=\"og:image:width\" content=\"825\" \/>\n\t<meta property=\"og:image:height\" content=\"325\" \/>\n\t<meta property=\"og:image:type\" content=\"image\/jpeg\" \/>\n<meta name=\"twitter:card\" content=\"summary_large_image\" \/>\n<meta name=\"twitter:label1\" content=\"Dur\u00e9e de lecture estim\u00e9e\" \/>\n\t<meta name=\"twitter:data1\" content=\"3 minutes\" \/>\n<script type=\"application\/ld+json\" class=\"yoast-schema-graph\">{\"@context\":\"https:\/\/schema.org\",\"@graph\":[{\"@type\":\"WebPage\",\"@id\":\"https:\/\/www.vivianefreitas.com\/fr\/orientations\/\",\"url\":\"https:\/\/www.vivianefreitas.com\/fr\/orientations\/\",\"name\":\"Orientations - Blog Viviane Freitas\",\"isPartOf\":{\"@id\":\"https:\/\/www.vivianefreitas.com\/fr\/#website\"},\"primaryImageOfPage\":{\"@id\":\"https:\/\/www.vivianefreitas.com\/fr\/orientations\/#primaryimage\"},\"image\":{\"@id\":\"https:\/\/www.vivianefreitas.com\/fr\/orientations\/#primaryimage\"},\"thumbnailUrl\":\"https:\/\/www.vivianefreitas.com\/fr\/wp-content\/blogs.dir\/3\/files\/2018\/08\/2testemunho-825x325.jpg\",\"datePublished\":\"2018-08-06T03:00:44+00:00\",\"dateModified\":\"2018-11-30T08:32:13+00:00\",\"inLanguage\":\"fr-FR\",\"potentialAction\":[{\"@type\":\"ReadAction\",\"target\":[\"https:\/\/www.vivianefreitas.com\/fr\/orientations\/\"]}]},{\"@type\":\"ImageObject\",\"inLanguage\":\"fr-FR\",\"@id\":\"https:\/\/www.vivianefreitas.com\/fr\/orientations\/#primaryimage\",\"url\":\"https:\/\/www.vivianefreitas.com\/fr\/wp-content\/blogs.dir\/3\/files\/2018\/08\/2testemunho-825x325.jpg\",\"contentUrl\":\"https:\/\/www.vivianefreitas.com\/fr\/wp-content\/blogs.dir\/3\/files\/2018\/08\/2testemunho-825x325.jpg\",\"width\":825,\"height\":325},{\"@type\":\"WebSite\",\"@id\":\"https:\/\/www.vivianefreitas.com\/fr\/#website\",\"url\":\"https:\/\/www.vivianefreitas.com\/fr\/\",\"name\":\"Blog Viviane Freitas\",\"description\":\"Bienvenue dans mon Blog\",\"potentialAction\":[{\"@type\":\"SearchAction\",\"target\":{\"@type\":\"EntryPoint\",\"urlTemplate\":\"https:\/\/www.vivianefreitas.com\/fr\/?s={search_term_string}\"},\"query-input\":{\"@type\":\"PropertyValueSpecification\",\"valueRequired\":true,\"valueName\":\"search_term_string\"}}],\"inLanguage\":\"fr-FR\"}]}<\/script>\n<!-- \/ Yoast SEO plugin. -->","yoast_head_json":{"title":"Orientations - Blog Viviane Freitas","robots":{"index":"index","follow":"follow","max-snippet":"max-snippet:-1","max-image-preview":"max-image-preview:large","max-video-preview":"max-video-preview:-1"},"canonical":"https:\/\/www.vivianefreitas.com\/fr\/orientations\/","og_locale":"fr_FR","og_type":"article","og_title":"Orientations - Blog Viviane Freitas","og_description":"Bonjour \u00e0 toutes! Nous sommes dans la foi de donner nos 100% dans ce Je\u00fbne de Daniel. Et dans ces 100%, nous allons apprendre, comment donner la d\u00eeme de notre temps \u00e0 Dieu, en mettant notre vie r\u00e9ellement sur l&rsquo;Autel et \u00e0 nous int\u00e9resser aux pens\u00e9es de Dieu. C\u2019est pourquoi, nous devons nous discipliner pourEn savoir plus","og_url":"https:\/\/www.vivianefreitas.com\/fr\/orientations\/","og_site_name":"Blog Viviane Freitas","article_modified_time":"2018-11-30T08:32:13+00:00","og_image":[{"width":825,"height":325,"url":"https:\/\/www.vivianefreitas.com\/fr\/files\/2018\/08\/2testemunho-825x325.jpg","type":"image\/jpeg"}],"twitter_card":"summary_large_image","twitter_misc":{"Dur\u00e9e de lecture estim\u00e9e":"3 minutes"},"schema":{"@context":"https:\/\/schema.org","@graph":[{"@type":"WebPage","@id":"https:\/\/www.vivianefreitas.com\/fr\/orientations\/","url":"https:\/\/www.vivianefreitas.com\/fr\/orientations\/","name":"Orientations - Blog Viviane Freitas","isPartOf":{"@id":"https:\/\/www.vivianefreitas.com\/fr\/#website"},"primaryImageOfPage":{"@id":"https:\/\/www.vivianefreitas.com\/fr\/orientations\/#primaryimage"},"image":{"@id":"https:\/\/www.vivianefreitas.com\/fr\/orientations\/#primaryimage"},"thumbnailUrl":"https:\/\/www.vivianefreitas.com\/fr\/wp-content\/blogs.dir\/3\/files\/2018\/08\/2testemunho-825x325.jpg","datePublished":"2018-08-06T03:00:44+00:00","dateModified":"2018-11-30T08:32:13+00:00","inLanguage":"fr-FR","potentialAction":[{"@type":"ReadAction","target":["https:\/\/www.vivianefreitas.com\/fr\/orientations\/"]}]},{"@type":"ImageObject","inLanguage":"fr-FR","@id":"https:\/\/www.vivianefreitas.com\/fr\/orientations\/#primaryimage","url":"https:\/\/www.vivianefreitas.com\/fr\/wp-content\/blogs.dir\/3\/files\/2018\/08\/2testemunho-825x325.jpg","contentUrl":"https:\/\/www.vivianefreitas.com\/fr\/wp-content\/blogs.dir\/3\/files\/2018\/08\/2testemunho-825x325.jpg","width":825,"height":325},{"@type":"WebSite","@id":"https:\/\/www.vivianefreitas.com\/fr\/#website","url":"https:\/\/www.vivianefreitas.com\/fr\/","name":"Blog Viviane Freitas","description":"Bienvenue dans mon Blog","potentialAction":[{"@type":"SearchAction","target":{"@type":"EntryPoint","urlTemplate":"https:\/\/www.vivianefreitas.com\/fr\/?s={search_term_string}"},"query-input":{"@type":"PropertyValueSpecification","valueRequired":true,"valueName":"search_term_string"}}],"inLanguage":"fr-FR"}]}},"_links":{"self":[{"href":"https:\/\/www.vivianefreitas.com\/fr\/wp-json\/wp\/v2\/pages\/21955","targetHints":{"allow":["GET"]}}],"collection":[{"href":"https:\/\/www.vivianefreitas.com\/fr\/wp-json\/wp\/v2\/pages"}],"about":[{"href":"https:\/\/www.vivianefreitas.com\/fr\/wp-json\/wp\/v2\/types\/page"}],"author":[{"embeddable":true,"href":"https:\/\/www.vivianefreitas.com\/fr\/wp-json\/wp\/v2\/users\/3687"}],"replies":[{"embeddable":true,"href":"https:\/\/www.vivianefreitas.com\/fr\/wp-json\/wp\/v2\/comments?post=21955"}],"version-history":[{"count":6,"href":"https:\/\/www.vivianefreitas.com\/fr\/wp-json\/wp\/v2\/pages\/21955\/revisions"}],"predecessor-version":[{"id":22015,"href":"https:\/\/www.vivianefreitas.com\/fr\/wp-json\/wp\/v2\/pages\/21955\/revisions\/22015"}],"wp:featuredmedia":[{"embeddable":true,"href":"https:\/\/www.vivianefreitas.com\/fr\/wp-json\/wp\/v2\/media\/21953"}],"wp:attachment":[{"href":"https:\/\/www.vivianefreitas.com\/fr\/wp-json\/wp\/v2\/media?parent=21955"}],"curies":[{"name":"wp","href":"https:\/\/api.w.org\/{rel}","templated":true}]}}