{"id":15007,"date":"2011-02-09T13:59:26","date_gmt":"2011-02-09T13:59:26","guid":{"rendered":"http:\/\/www.vivianefreitas.com\/?page_id=2"},"modified":"2018-08-06T16:28:24","modified_gmt":"2018-08-06T14:28:24","slug":"a-propos-de-moi","status":"publish","type":"page","link":"https:\/\/www.vivianefreitas.com\/fr\/a-propos-de-moi\/","title":{"rendered":"\u00c0 propos de moi"},"content":{"rendered":"<p>Je m\u2019appelle Viviane Freitas, je suis n\u00e9e \u00e0 Rio de Janeiro mais j&rsquo;ai pass\u00e9 la grande majorit\u00e9 de mon enfance aux \u00c9tats-Unis, je suis la fille d&rsquo;Edir Macedo et d\u2019Ester Bezerra. Mari\u00e9e depuis 23 ans avec Julio Freitas, nous avons deux enfants, Vera et Louis. J&rsquo;ai d\u00e9j\u00e0 habit\u00e9 dans des pays d&rsquo;Am\u00e9rique du Sud, aux \u00c9tats-Unis et dans d&rsquo;autres pays d&rsquo;Europe. Actuellement, je vis au Texas. Je r\u00e9alise avec beaucoup de joie et de d\u00e9vouement un travail qui aide des milliers de personnes, des femmes et des jeunes, par le biais de groupes de soutien familial et social, partenaires du Centre d&rsquo;Accueil.<\/p>\n<p>Il est possible qu&rsquo;en lisant un bref r\u00e9sum\u00e9 de ma vie, vous pensiez que tout a toujours \u00e9t\u00e9 rose, mais ce n&rsquo;est pas le cas.<\/p>\n<p>Je suis n\u00e9e avec un bec de li\u00e8vre et le palais fendu et cela a engendr\u00e9 en moi beaucoup de traumatismes et d&rsquo;ins\u00e9curit\u00e9s, au cours mon enfance et adolescence. J&rsquo;ai grandi dans un foyer rempli d&rsquo;amour et de tendresse, dans lequel il y avait un p\u00e8re et une m\u00e8re tr\u00e8s unis, cela se refl\u00e9tait dans notre famille. Nous avons eu toute la tendresse qu&rsquo;une m\u00e8re peut donner. Cependant, cela ne m&rsquo;a pas \u00e9pargn\u00e9 de d\u00e9couvrir que le monde n&rsquo;\u00e9tait pas cette merveille que j&rsquo;avais \u00e0 la maison. Encore tr\u00e8s jeune, j&rsquo;ai commenc\u00e9 \u00e0 vivre un tourment dans ma vie. \u00c0 la maison, j&rsquo;\u00e9tais pleinement heureuse, mais en devant affronter dehors le monde cruel, je suis devenue triste, am\u00e8re et opprim\u00e9e. J\u2019ai \u00e9t\u00e9 discrimin\u00e9e, attaqu\u00e9e par tous les types de paroles cruelles qu&rsquo;un enfant peut entendre. Mes conflits int\u00e9rieurs sont devenus \u00e9vidents dans mon comportement.<\/p>\n<p>Par ailleurs, aux c\u00f4t\u00e9s de mon mari Julio Freitas, m\u00eame en faisant ensemble l&rsquo;\u0153uvre de Dieu, nous avons travers\u00e9 des p\u00e9riodes d\u2019adaptations, au fil de nos ann\u00e9es de mariage et ces exp\u00e9riences nous ont fait m\u00fbrir, principalement avec la perte de nos enfants. Cette situation a marqu\u00e9 ma vie et m&rsquo;a appris de grandes le\u00e7ons. Avec tout cela, j&rsquo;ai d\u00fb apprendre \u00e0 surpasser les conflits ext\u00e9rieurs et int\u00e9rieurs, j&rsquo;ai d\u00fb me d\u00e9couvrir, me confronter et tout cela, de mon propre chef.<\/p>\n<p>C&rsquo;est la principale raison qui a fait surgir mon Blog, car le but de ce dernier est de partager, avec tous les internautes, les exp\u00e9riences que j&rsquo;ai v\u00e9cues tout au long de ma vie, mais surtout, comment j&rsquo;ai pu surpass\u00e9 chacune d&rsquo;elles.<\/p>\n<p>Ici, dans mon blog, vous conna\u00eetrez, de mani\u00e8re d\u00e9taill\u00e9e, chacune de ces histoires. J&rsquo;ai la certitude que vous vous identifierez et que vous serez surpris par mes r\u00e9cits personnels. Le courage, qui m\u2019a pouss\u00e9 \u00e0 vous ouvrir mon journal, internautes, est pour vous montrer que moi aussi j&rsquo;ai eu mes conflits et ins\u00e9curit\u00e9s, tout comme vous, mais j&rsquo;ai appris l&rsquo;usage de la foi intelligente et avec cela, j&rsquo;ai d\u00e9couvert mes droits. Je suis devenue une femme originale, forte, avec ma propre personnalit\u00e9 et c&rsquo;est exactement ce que je veux vous amener \u00e0 devenir.<\/p>\n<p>Par ailleurs, je partage toujours \u00e0 travers mes audios des messages d\u2019aide d&rsquo;une foi intelligente, pour votre vie spirituelle.<\/p>\n<p>Soyez \u00e0 l&rsquo;aise pour naviguer dans tout le blog et partagez avec moi, \u00e0 travers vos commentaires, ce qui vous a aid\u00e9.<\/p>\n<p>Nous nous verrons au prochain article. Dans la foi!<\/p>\n","protected":false},"excerpt":{"rendered":"<p>Je m\u2019appelle Viviane Freitas, je suis n\u00e9e \u00e0 Rio de Janeiro mais j&rsquo;ai pass\u00e9 la grande majorit\u00e9 de mon enfance aux \u00c9tats-Unis, je suis la fille d&rsquo;Edir Macedo et d\u2019Ester Bezerra. Mari\u00e9e depuis 23 ans avec Julio Freitas, nous avons deux enfants, Vera et Louis. J&rsquo;ai d\u00e9j\u00e0 habit\u00e9 dans des pays d&rsquo;Am\u00e9rique du Sud, aux<\/p>\n<p class=\"bold\"><a href=\"https:\/\/www.vivianefreitas.com\/fr\/a-propos-de-moi\/\">En savoir plus<\/a><\/p>\n","protected":false},"author":1,"featured_media":21886,"parent":0,"menu_order":0,"comment_status":"open","ping_status":"closed","template":"","meta":{"_monsterinsights_skip_tracking":false,"_monsterinsights_sitenote_active":false,"_monsterinsights_sitenote_note":"","_monsterinsights_sitenote_category":0,"footnotes":""},"class_list":["post-15007","page","type-page","status-publish","has-post-thumbnail","hentry"],"better_featured_image":{"id":21886,"alt_text":"","caption":"","description":"","media_type":"image","media_details":{"width":2000,"height":1333,"file":"2018\/04\/IMG_6266.jpg","image_meta":{"aperture":"4.5","credit":"","camera":"Canon EOS 550D","caption":"","created_timestamp":"1359660558","copyright":"iurd.pt","focal_length":"20","iso":"400","shutter_speed":"0.02","title":"","orientation":"1","keywords":[]},"sizes":{}},"post":15007,"source_url":"https:\/\/www.vivianefreitas.com\/fr\/wp-content\/blogs.dir\/3\/files\/2018\/04\/IMG_6266.jpg"},"yoast_head":"<!-- This site is optimized with the Yoast SEO plugin v25.0 - https:\/\/yoast.com\/wordpress\/plugins\/seo\/ -->\n<title>\u00c0 propos de moi - Blog Viviane Freitas<\/title>\n<meta name=\"robots\" content=\"index, follow, max-snippet:-1, max-image-preview:large, max-video-preview:-1\" \/>\n<link rel=\"canonical\" href=\"https:\/\/www.vivianefreitas.com\/fr\/a-propos-de-moi\/\" \/>\n<meta property=\"og:locale\" content=\"fr_FR\" \/>\n<meta property=\"og:type\" content=\"article\" \/>\n<meta property=\"og:title\" content=\"\u00c0 propos de moi - Blog Viviane Freitas\" \/>\n<meta property=\"og:description\" content=\"Je m\u2019appelle Viviane Freitas, je suis n\u00e9e \u00e0 Rio de Janeiro mais j&rsquo;ai pass\u00e9 la grande majorit\u00e9 de mon enfance aux \u00c9tats-Unis, je suis la fille d&rsquo;Edir Macedo et d\u2019Ester Bezerra. Mari\u00e9e depuis 23 ans avec Julio Freitas, nous avons deux enfants, Vera et Louis. J&rsquo;ai d\u00e9j\u00e0 habit\u00e9 dans des pays d&rsquo;Am\u00e9rique du Sud, auxEn savoir plus\" \/>\n<meta property=\"og:url\" content=\"https:\/\/www.vivianefreitas.com\/fr\/a-propos-de-moi\/\" \/>\n<meta property=\"og:site_name\" content=\"Blog Viviane Freitas\" \/>\n<meta property=\"article:modified_time\" content=\"2018-08-06T14:28:24+00:00\" \/>\n<meta property=\"og:image\" content=\"https:\/\/www.vivianefreitas.com\/fr\/files\/2018\/04\/IMG_6266.jpg\" \/>\n\t<meta property=\"og:image:width\" content=\"2000\" \/>\n\t<meta property=\"og:image:height\" content=\"1333\" \/>\n\t<meta property=\"og:image:type\" content=\"image\/jpeg\" \/>\n<meta name=\"twitter:card\" content=\"summary_large_image\" \/>\n<meta name=\"twitter:label1\" content=\"Dur\u00e9e de lecture estim\u00e9e\" \/>\n\t<meta name=\"twitter:data1\" content=\"3 minutes\" \/>\n<script type=\"application\/ld+json\" class=\"yoast-schema-graph\">{\"@context\":\"https:\/\/schema.org\",\"@graph\":[{\"@type\":\"WebPage\",\"@id\":\"https:\/\/www.vivianefreitas.com\/fr\/a-propos-de-moi\/\",\"url\":\"https:\/\/www.vivianefreitas.com\/fr\/a-propos-de-moi\/\",\"name\":\"\u00c0 propos de moi - Blog Viviane Freitas\",\"isPartOf\":{\"@id\":\"https:\/\/www.vivianefreitas.com\/fr\/#website\"},\"primaryImageOfPage\":{\"@id\":\"https:\/\/www.vivianefreitas.com\/fr\/a-propos-de-moi\/#primaryimage\"},\"image\":{\"@id\":\"https:\/\/www.vivianefreitas.com\/fr\/a-propos-de-moi\/#primaryimage\"},\"thumbnailUrl\":\"https:\/\/www.vivianefreitas.com\/fr\/wp-content\/blogs.dir\/3\/files\/2018\/04\/IMG_6266.jpg\",\"datePublished\":\"2011-02-09T13:59:26+00:00\",\"dateModified\":\"2018-08-06T14:28:24+00:00\",\"inLanguage\":\"fr-FR\",\"potentialAction\":[{\"@type\":\"ReadAction\",\"target\":[\"https:\/\/www.vivianefreitas.com\/fr\/a-propos-de-moi\/\"]}]},{\"@type\":\"ImageObject\",\"inLanguage\":\"fr-FR\",\"@id\":\"https:\/\/www.vivianefreitas.com\/fr\/a-propos-de-moi\/#primaryimage\",\"url\":\"https:\/\/www.vivianefreitas.com\/fr\/wp-content\/blogs.dir\/3\/files\/2018\/04\/IMG_6266.jpg\",\"contentUrl\":\"https:\/\/www.vivianefreitas.com\/fr\/wp-content\/blogs.dir\/3\/files\/2018\/04\/IMG_6266.jpg\",\"width\":2000,\"height\":1333},{\"@type\":\"WebSite\",\"@id\":\"https:\/\/www.vivianefreitas.com\/fr\/#website\",\"url\":\"https:\/\/www.vivianefreitas.com\/fr\/\",\"name\":\"Blog Viviane Freitas\",\"description\":\"Bienvenue dans mon Blog\",\"potentialAction\":[{\"@type\":\"SearchAction\",\"target\":{\"@type\":\"EntryPoint\",\"urlTemplate\":\"https:\/\/www.vivianefreitas.com\/fr\/?s={search_term_string}\"},\"query-input\":{\"@type\":\"PropertyValueSpecification\",\"valueRequired\":true,\"valueName\":\"search_term_string\"}}],\"inLanguage\":\"fr-FR\"}]}<\/script>\n<!-- \/ Yoast SEO plugin. -->","yoast_head_json":{"title":"\u00c0 propos de moi - Blog Viviane Freitas","robots":{"index":"index","follow":"follow","max-snippet":"max-snippet:-1","max-image-preview":"max-image-preview:large","max-video-preview":"max-video-preview:-1"},"canonical":"https:\/\/www.vivianefreitas.com\/fr\/a-propos-de-moi\/","og_locale":"fr_FR","og_type":"article","og_title":"\u00c0 propos de moi - Blog Viviane Freitas","og_description":"Je m\u2019appelle Viviane Freitas, je suis n\u00e9e \u00e0 Rio de Janeiro mais j&rsquo;ai pass\u00e9 la grande majorit\u00e9 de mon enfance aux \u00c9tats-Unis, je suis la fille d&rsquo;Edir Macedo et d\u2019Ester Bezerra. Mari\u00e9e depuis 23 ans avec Julio Freitas, nous avons deux enfants, Vera et Louis. J&rsquo;ai d\u00e9j\u00e0 habit\u00e9 dans des pays d&rsquo;Am\u00e9rique du Sud, auxEn savoir plus","og_url":"https:\/\/www.vivianefreitas.com\/fr\/a-propos-de-moi\/","og_site_name":"Blog Viviane Freitas","article_modified_time":"2018-08-06T14:28:24+00:00","og_image":[{"width":2000,"height":1333,"url":"https:\/\/www.vivianefreitas.com\/fr\/files\/2018\/04\/IMG_6266.jpg","type":"image\/jpeg"}],"twitter_card":"summary_large_image","twitter_misc":{"Dur\u00e9e de lecture estim\u00e9e":"3 minutes"},"schema":{"@context":"https:\/\/schema.org","@graph":[{"@type":"WebPage","@id":"https:\/\/www.vivianefreitas.com\/fr\/a-propos-de-moi\/","url":"https:\/\/www.vivianefreitas.com\/fr\/a-propos-de-moi\/","name":"\u00c0 propos de moi - Blog Viviane Freitas","isPartOf":{"@id":"https:\/\/www.vivianefreitas.com\/fr\/#website"},"primaryImageOfPage":{"@id":"https:\/\/www.vivianefreitas.com\/fr\/a-propos-de-moi\/#primaryimage"},"image":{"@id":"https:\/\/www.vivianefreitas.com\/fr\/a-propos-de-moi\/#primaryimage"},"thumbnailUrl":"https:\/\/www.vivianefreitas.com\/fr\/wp-content\/blogs.dir\/3\/files\/2018\/04\/IMG_6266.jpg","datePublished":"2011-02-09T13:59:26+00:00","dateModified":"2018-08-06T14:28:24+00:00","inLanguage":"fr-FR","potentialAction":[{"@type":"ReadAction","target":["https:\/\/www.vivianefreitas.com\/fr\/a-propos-de-moi\/"]}]},{"@type":"ImageObject","inLanguage":"fr-FR","@id":"https:\/\/www.vivianefreitas.com\/fr\/a-propos-de-moi\/#primaryimage","url":"https:\/\/www.vivianefreitas.com\/fr\/wp-content\/blogs.dir\/3\/files\/2018\/04\/IMG_6266.jpg","contentUrl":"https:\/\/www.vivianefreitas.com\/fr\/wp-content\/blogs.dir\/3\/files\/2018\/04\/IMG_6266.jpg","width":2000,"height":1333},{"@type":"WebSite","@id":"https:\/\/www.vivianefreitas.com\/fr\/#website","url":"https:\/\/www.vivianefreitas.com\/fr\/","name":"Blog Viviane Freitas","description":"Bienvenue dans mon Blog","potentialAction":[{"@type":"SearchAction","target":{"@type":"EntryPoint","urlTemplate":"https:\/\/www.vivianefreitas.com\/fr\/?s={search_term_string}"},"query-input":{"@type":"PropertyValueSpecification","valueRequired":true,"valueName":"search_term_string"}}],"inLanguage":"fr-FR"}]}},"_links":{"self":[{"href":"https:\/\/www.vivianefreitas.com\/fr\/wp-json\/wp\/v2\/pages\/15007","targetHints":{"allow":["GET"]}}],"collection":[{"href":"https:\/\/www.vivianefreitas.com\/fr\/wp-json\/wp\/v2\/pages"}],"about":[{"href":"https:\/\/www.vivianefreitas.com\/fr\/wp-json\/wp\/v2\/types\/page"}],"author":[{"embeddable":true,"href":"https:\/\/www.vivianefreitas.com\/fr\/wp-json\/wp\/v2\/users\/1"}],"replies":[{"embeddable":true,"href":"https:\/\/www.vivianefreitas.com\/fr\/wp-json\/wp\/v2\/comments?post=15007"}],"version-history":[{"count":13,"href":"https:\/\/www.vivianefreitas.com\/fr\/wp-json\/wp\/v2\/pages\/15007\/revisions"}],"predecessor-version":[{"id":21888,"href":"https:\/\/www.vivianefreitas.com\/fr\/wp-json\/wp\/v2\/pages\/15007\/revisions\/21888"}],"wp:featuredmedia":[{"embeddable":true,"href":"https:\/\/www.vivianefreitas.com\/fr\/wp-json\/wp\/v2\/media\/21886"}],"wp:attachment":[{"href":"https:\/\/www.vivianefreitas.com\/fr\/wp-json\/wp\/v2\/media?parent=15007"}],"curies":[{"name":"wp","href":"https:\/\/api.w.org\/{rel}","templated":true}]}}