{"id":567,"date":"2011-03-01T12:35:07","date_gmt":"2011-03-01T12:35:07","guid":{"rendered":"http:\/\/www.vivianefreitas.com\/"},"modified":"2012-02-21T10:18:10","modified_gmt":"2012-02-21T10:18:10","slug":"adolescencia","status":"publish","type":"page","link":"https:\/\/www.vivianefreitas.com\/es\/adolescencia\/","title":{"rendered":"Adolescencia"},"content":{"rendered":"<p><span style=\"font-weight: normal;\"><p class=\"intro\">As\u00ed fui creciendo en un ambiente familiar lleno de cari\u00f1o y amor. Los traumas de mi infancia tambi\u00e9n fueron creciendo dentro de m\u00ed.\u00a0<\/p><\/span><\/p>\n<p><span style=\"font-weight: normal;\"> Aunque debido a m\u00faltiples cirug\u00edas y terapias, hablaba mejor, y mi apariencia era mejor. Pero nadie podr\u00eda preguntar cualquier cosa sobre mi defecto f\u00edsico.<\/span><\/p>\n<p>Ten\u00eda alegr\u00eda dentro de m\u00ed, hasta que el asunto saliese a la luz y la opresi\u00f3n tomaba cuenta de mi alma. El dolor que yo cargaba no pod\u00eda curarse con cualquier pastilla, psic\u00f3logos o cualquier cosa. Fue muy profundo.<\/p>\n<p>El simple hecho de estar sola, sin amigos en el colegio, fue otra raz\u00f3n para sentirme deprimida. A la hora de comer, era terrible. Quien me miraba pod\u00eda ver que mi alma estaba quebrantada y llorando en voz alta, nadie pod\u00eda o\u00edrme. Era mi alma que estaba deprimida y avergonzada de no haber sido buscada por nadie.<br \/>\nEntonces yo viv\u00ed mi adolescencia hasta\u2026<\/p>\n<p>Continuar\u00e1\u2026<\/p>\n\n<p>&nbsp;<\/p>\n","protected":false},"excerpt":{"rendered":"<p>Aunque debido a m\u00faltiples cirug\u00edas y terapias, hablaba mejor, y mi apariencia era mejor. Pero nadie podr\u00eda preguntar cualquier cosa sobre mi defecto f\u00edsico. Ten\u00eda alegr\u00eda dentro de m\u00ed, hasta que el asunto saliese a la luz y la opresi\u00f3n tomaba cuenta de mi alma. El dolor que yo cargaba no pod\u00eda curarse con cualquier<\/p>\n<p class=\"bold\"><a href=\"https:\/\/www.vivianefreitas.com\/es\/adolescencia\/\">Leer m\u00e1s<\/a><\/p>\n","protected":false},"author":1,"featured_media":0,"parent":0,"menu_order":0,"comment_status":"open","ping_status":"open","template":"page-sidebar.php","meta":{"_monsterinsights_skip_tracking":false,"_monsterinsights_sitenote_active":false,"_monsterinsights_sitenote_note":"","_monsterinsights_sitenote_category":0,"footnotes":""},"class_list":["post-567","page","type-page","status-publish","hentry"],"better_featured_image":null,"yoast_head":"<!-- This site is optimized with the Yoast SEO plugin v25.0 - https:\/\/yoast.com\/wordpress\/plugins\/seo\/ -->\n<title>Adolescencia  - Blog Viviane Freitas<\/title>\n<meta name=\"robots\" content=\"index, follow, max-snippet:-1, max-image-preview:large, max-video-preview:-1\" \/>\n<link rel=\"canonical\" href=\"https:\/\/www.vivianefreitas.com\/es\/adolescencia\/\" \/>\n<meta property=\"og:locale\" content=\"es_ES\" \/>\n<meta property=\"og:type\" content=\"article\" \/>\n<meta property=\"og:title\" content=\"Adolescencia  - Blog Viviane Freitas\" \/>\n<meta property=\"og:description\" content=\"Aunque debido a m\u00faltiples cirug\u00edas y terapias, hablaba mejor, y mi apariencia era mejor. Pero nadie podr\u00eda preguntar cualquier cosa sobre mi defecto f\u00edsico. Ten\u00eda alegr\u00eda dentro de m\u00ed, hasta que el asunto saliese a la luz y la opresi\u00f3n tomaba cuenta de mi alma. El dolor que yo cargaba no pod\u00eda curarse con cualquierLeer m\u00e1s\" \/>\n<meta property=\"og:url\" content=\"https:\/\/www.vivianefreitas.com\/es\/adolescencia\/\" \/>\n<meta property=\"og:site_name\" content=\"Blog Viviane Freitas\" \/>\n<meta property=\"article:modified_time\" content=\"2012-02-21T10:18:10+00:00\" \/>\n<meta name=\"twitter:card\" content=\"summary_large_image\" \/>\n<meta name=\"twitter:label1\" content=\"Tiempo de lectura\" \/>\n\t<meta name=\"twitter:data1\" content=\"1 minuto\" \/>\n<script type=\"application\/ld+json\" class=\"yoast-schema-graph\">{\"@context\":\"https:\/\/schema.org\",\"@graph\":[{\"@type\":\"WebPage\",\"@id\":\"https:\/\/www.vivianefreitas.com\/es\/adolescencia\/\",\"url\":\"https:\/\/www.vivianefreitas.com\/es\/adolescencia\/\",\"name\":\"Adolescencia - Blog Viviane Freitas\",\"isPartOf\":{\"@id\":\"https:\/\/www.vivianefreitas.com\/es\/#website\"},\"datePublished\":\"2011-03-01T12:35:07+00:00\",\"dateModified\":\"2012-02-21T10:18:10+00:00\",\"inLanguage\":\"es\",\"potentialAction\":[{\"@type\":\"ReadAction\",\"target\":[\"https:\/\/www.vivianefreitas.com\/es\/adolescencia\/\"]}]},{\"@type\":\"WebSite\",\"@id\":\"https:\/\/www.vivianefreitas.com\/es\/#website\",\"url\":\"https:\/\/www.vivianefreitas.com\/es\/\",\"name\":\"Blog Viviane Freitas\",\"description\":\"Bienvenida a mi blog\",\"potentialAction\":[{\"@type\":\"SearchAction\",\"target\":{\"@type\":\"EntryPoint\",\"urlTemplate\":\"https:\/\/www.vivianefreitas.com\/es\/?s={search_term_string}\"},\"query-input\":{\"@type\":\"PropertyValueSpecification\",\"valueRequired\":true,\"valueName\":\"search_term_string\"}}],\"inLanguage\":\"es\"}]}<\/script>\n<!-- \/ Yoast SEO plugin. -->","yoast_head_json":{"title":"Adolescencia  - Blog Viviane Freitas","robots":{"index":"index","follow":"follow","max-snippet":"max-snippet:-1","max-image-preview":"max-image-preview:large","max-video-preview":"max-video-preview:-1"},"canonical":"https:\/\/www.vivianefreitas.com\/es\/adolescencia\/","og_locale":"es_ES","og_type":"article","og_title":"Adolescencia  - Blog Viviane Freitas","og_description":"Aunque debido a m\u00faltiples cirug\u00edas y terapias, hablaba mejor, y mi apariencia era mejor. Pero nadie podr\u00eda preguntar cualquier cosa sobre mi defecto f\u00edsico. Ten\u00eda alegr\u00eda dentro de m\u00ed, hasta que el asunto saliese a la luz y la opresi\u00f3n tomaba cuenta de mi alma. El dolor que yo cargaba no pod\u00eda curarse con cualquierLeer m\u00e1s","og_url":"https:\/\/www.vivianefreitas.com\/es\/adolescencia\/","og_site_name":"Blog Viviane Freitas","article_modified_time":"2012-02-21T10:18:10+00:00","twitter_card":"summary_large_image","twitter_misc":{"Tiempo de lectura":"1 minuto"},"schema":{"@context":"https:\/\/schema.org","@graph":[{"@type":"WebPage","@id":"https:\/\/www.vivianefreitas.com\/es\/adolescencia\/","url":"https:\/\/www.vivianefreitas.com\/es\/adolescencia\/","name":"Adolescencia - Blog Viviane Freitas","isPartOf":{"@id":"https:\/\/www.vivianefreitas.com\/es\/#website"},"datePublished":"2011-03-01T12:35:07+00:00","dateModified":"2012-02-21T10:18:10+00:00","inLanguage":"es","potentialAction":[{"@type":"ReadAction","target":["https:\/\/www.vivianefreitas.com\/es\/adolescencia\/"]}]},{"@type":"WebSite","@id":"https:\/\/www.vivianefreitas.com\/es\/#website","url":"https:\/\/www.vivianefreitas.com\/es\/","name":"Blog Viviane Freitas","description":"Bienvenida a mi blog","potentialAction":[{"@type":"SearchAction","target":{"@type":"EntryPoint","urlTemplate":"https:\/\/www.vivianefreitas.com\/es\/?s={search_term_string}"},"query-input":{"@type":"PropertyValueSpecification","valueRequired":true,"valueName":"search_term_string"}}],"inLanguage":"es"}]}},"_links":{"self":[{"href":"https:\/\/www.vivianefreitas.com\/es\/wp-json\/wp\/v2\/pages\/567","targetHints":{"allow":["GET"]}}],"collection":[{"href":"https:\/\/www.vivianefreitas.com\/es\/wp-json\/wp\/v2\/pages"}],"about":[{"href":"https:\/\/www.vivianefreitas.com\/es\/wp-json\/wp\/v2\/types\/page"}],"author":[{"embeddable":true,"href":"https:\/\/www.vivianefreitas.com\/es\/wp-json\/wp\/v2\/users\/1"}],"replies":[{"embeddable":true,"href":"https:\/\/www.vivianefreitas.com\/es\/wp-json\/wp\/v2\/comments?post=567"}],"version-history":[{"count":6,"href":"https:\/\/www.vivianefreitas.com\/es\/wp-json\/wp\/v2\/pages\/567\/revisions"}],"predecessor-version":[{"id":15843,"href":"https:\/\/www.vivianefreitas.com\/es\/wp-json\/wp\/v2\/pages\/567\/revisions\/15843"}],"wp:attachment":[{"href":"https:\/\/www.vivianefreitas.com\/es\/wp-json\/wp\/v2\/media?parent=567"}],"curies":[{"name":"wp","href":"https:\/\/api.w.org\/{rel}","templated":true}]}}