{"id":552,"date":"2011-03-01T12:09:14","date_gmt":"2011-03-01T12:09:14","guid":{"rendered":"http:\/\/www.vivianefreitas.com\/"},"modified":"2012-02-07T15:42:36","modified_gmt":"2012-02-07T15:42:36","slug":"mi-infancia","status":"publish","type":"page","link":"https:\/\/www.vivianefreitas.com\/es\/biografia\/mi-infancia\/","title":{"rendered":"Mi infancia"},"content":{"rendered":"<div>\n<p class=\"intro\">Mi infancia fue, al principio, maravillosa. Yo ten\u00eda unos padres s\u00faper unidos y, consecuentemente, eso se reflejaba en nuestra familia. Nosotras ten\u00edamos todo el cari\u00f1o y la atenci\u00f3n que una madre puede dar. <\/p>\n<p>Yo era s\u00faper cuidada por mi madre que, por mi defecto f\u00edsico, me acompa\u00f1aba a todas partes para que yo tuviese una mejor\u00eda en mi salud. Iba de un lado a otro conmigo buscando a los mejores m\u00e9dicos.<\/p>\n<p>Infelizmente no recib\u00edamos ninguna palabra de incentivo, por lo contrario, solamente palabras negativas.<br \/>\nSeg\u00fan los m\u00e9dicos yo crecer\u00eda hablando gangosa, y tambi\u00e9n acomplejada, porque hab\u00eda nacido con el labio leporino.<\/p>\n<p>Pero lo que ocurri\u00f3 conmigo fue algo incre\u00edble, yo no me daba cuenta de que hab\u00eda nacido as\u00ed, ya que en casa exist\u00eda una armon\u00eda familiar. Todos me trataban igual que a mi otra hermana que, a su vez, era muy bonita, y llamaba la atenci\u00f3n por su belleza. Mi hermana era mi mejor amiga, era la que mejor me comprend\u00eda en casa. Yo no entend\u00eda porque a veces mi hermana ten\u00eda que traducir lo que yo estaba diciendo a mis propios padres. Eso hac\u00eda que me pusiera nerviosa.<\/p>\n<p>Cuando empec\u00e9 a ir al colegio, todos cuchicheaban sobre mi apariencia. Fui entendiendo que en m\u00ed hab\u00eda algo que estaba mal, cuando abr\u00eda la boca para hablar algo, los compa\u00f1eros de clase no me entend\u00edan y se burlaban de m\u00ed. Ellos me discriminaban.<\/p>\n<p>Descubr\u00ed que el mundo no era esa maravilla que yo ten\u00eda en casa. En casa hab\u00eda atenci\u00f3n, respeto, mucho cari\u00f1o, mucho amor los unos con los otros. Mi madre, era una esposa amorosa y dedicada tanto a la familia como a mi padre y viceversa.<\/p>\n<p>Comenc\u00e9 a vivir un tormento en mi vida. En casa era totalmente feliz, me olvidaba del mundo cruel de all\u00ed fuera, pero cuando llegaba al colegio era una ni\u00f1a triste y amargada por ser tan discriminada, atacada con todo tipo de palabras crueles que una ni\u00f1a podr\u00eda escuchar.<\/p>\n<p>No ten\u00eda amigas, yo estaba sola desde la guarder\u00eda. Por no saber hablar, con 5 a\u00f1os, era considerada burra y atrasada en mi aprendizaje. Debido a eso, ten\u00eda que tener terapias despu\u00e9s del colegio en un lugar donde me encontraba con ni\u00f1os y adolescentes con deficiencia mental.<\/p>\n\n<\/div>\n<\/div>\n","protected":false},"excerpt":{"rendered":"<p>Yo era s\u00faper cuidada por mi madre que, por mi defecto f\u00edsico, me acompa\u00f1aba a todas partes para que yo tuviese una mejor\u00eda en mi salud. Iba de un lado a otro conmigo buscando a los mejores m\u00e9dicos. Infelizmente no recib\u00edamos ninguna palabra de incentivo, por lo contrario, solamente palabras negativas. Seg\u00fan los m\u00e9dicos yo<\/p>\n<p class=\"bold\"><a href=\"https:\/\/www.vivianefreitas.com\/es\/biografia\/mi-infancia\/\">Leer m\u00e1s<\/a><\/p>\n","protected":false},"author":1,"featured_media":0,"parent":15007,"menu_order":0,"comment_status":"open","ping_status":"open","template":"page-sidebar.php","meta":{"_monsterinsights_skip_tracking":false,"_monsterinsights_sitenote_active":false,"_monsterinsights_sitenote_note":"","_monsterinsights_sitenote_category":0,"footnotes":""},"class_list":["post-552","page","type-page","status-publish","hentry"],"better_featured_image":null,"yoast_head":"<!-- This site is optimized with the Yoast SEO plugin v25.0 - https:\/\/yoast.com\/wordpress\/plugins\/seo\/ -->\n<title>Mi infancia - Blog Viviane Freitas<\/title>\n<meta name=\"robots\" content=\"index, follow, max-snippet:-1, max-image-preview:large, max-video-preview:-1\" \/>\n<link rel=\"canonical\" href=\"https:\/\/www.vivianefreitas.com\/es\/biografia\/mi-infancia\/\" \/>\n<meta property=\"og:locale\" content=\"es_ES\" \/>\n<meta property=\"og:type\" content=\"article\" \/>\n<meta property=\"og:title\" content=\"Mi infancia - Blog Viviane Freitas\" \/>\n<meta property=\"og:description\" content=\"Yo era s\u00faper cuidada por mi madre que, por mi defecto f\u00edsico, me acompa\u00f1aba a todas partes para que yo tuviese una mejor\u00eda en mi salud. Iba de un lado a otro conmigo buscando a los mejores m\u00e9dicos. Infelizmente no recib\u00edamos ninguna palabra de incentivo, por lo contrario, solamente palabras negativas. Seg\u00fan los m\u00e9dicos yoLeer m\u00e1s\" \/>\n<meta property=\"og:url\" content=\"https:\/\/www.vivianefreitas.com\/es\/biografia\/mi-infancia\/\" \/>\n<meta property=\"og:site_name\" content=\"Blog Viviane Freitas\" \/>\n<meta property=\"article:modified_time\" content=\"2012-02-07T15:42:36+00:00\" \/>\n<meta name=\"twitter:card\" content=\"summary_large_image\" \/>\n<meta name=\"twitter:label1\" content=\"Tiempo de lectura\" \/>\n\t<meta name=\"twitter:data1\" content=\"2 minutos\" \/>\n<script type=\"application\/ld+json\" class=\"yoast-schema-graph\">{\"@context\":\"https:\/\/schema.org\",\"@graph\":[{\"@type\":\"WebPage\",\"@id\":\"https:\/\/www.vivianefreitas.com\/es\/biografia\/mi-infancia\/\",\"url\":\"https:\/\/www.vivianefreitas.com\/es\/biografia\/mi-infancia\/\",\"name\":\"Mi infancia - Blog Viviane Freitas\",\"isPartOf\":{\"@id\":\"https:\/\/www.vivianefreitas.com\/es\/#website\"},\"datePublished\":\"2011-03-01T12:09:14+00:00\",\"dateModified\":\"2012-02-07T15:42:36+00:00\",\"breadcrumb\":{\"@id\":\"https:\/\/www.vivianefreitas.com\/es\/biografia\/mi-infancia\/#breadcrumb\"},\"inLanguage\":\"es\",\"potentialAction\":[{\"@type\":\"ReadAction\",\"target\":[\"https:\/\/www.vivianefreitas.com\/es\/biografia\/mi-infancia\/\"]}]},{\"@type\":\"BreadcrumbList\",\"@id\":\"https:\/\/www.vivianefreitas.com\/es\/biografia\/mi-infancia\/#breadcrumb\",\"itemListElement\":[{\"@type\":\"ListItem\",\"position\":1,\"name\":\"Sobre Mi\",\"item\":\"https:\/\/www.vivianefreitas.com\/es\/biografia\/\"},{\"@type\":\"ListItem\",\"position\":2,\"name\":\"Mi infancia\"}]},{\"@type\":\"WebSite\",\"@id\":\"https:\/\/www.vivianefreitas.com\/es\/#website\",\"url\":\"https:\/\/www.vivianefreitas.com\/es\/\",\"name\":\"Blog Viviane Freitas\",\"description\":\"Bienvenida a mi blog\",\"potentialAction\":[{\"@type\":\"SearchAction\",\"target\":{\"@type\":\"EntryPoint\",\"urlTemplate\":\"https:\/\/www.vivianefreitas.com\/es\/?s={search_term_string}\"},\"query-input\":{\"@type\":\"PropertyValueSpecification\",\"valueRequired\":true,\"valueName\":\"search_term_string\"}}],\"inLanguage\":\"es\"}]}<\/script>\n<!-- \/ Yoast SEO plugin. -->","yoast_head_json":{"title":"Mi infancia - Blog Viviane Freitas","robots":{"index":"index","follow":"follow","max-snippet":"max-snippet:-1","max-image-preview":"max-image-preview:large","max-video-preview":"max-video-preview:-1"},"canonical":"https:\/\/www.vivianefreitas.com\/es\/biografia\/mi-infancia\/","og_locale":"es_ES","og_type":"article","og_title":"Mi infancia - Blog Viviane Freitas","og_description":"Yo era s\u00faper cuidada por mi madre que, por mi defecto f\u00edsico, me acompa\u00f1aba a todas partes para que yo tuviese una mejor\u00eda en mi salud. Iba de un lado a otro conmigo buscando a los mejores m\u00e9dicos. Infelizmente no recib\u00edamos ninguna palabra de incentivo, por lo contrario, solamente palabras negativas. Seg\u00fan los m\u00e9dicos yoLeer m\u00e1s","og_url":"https:\/\/www.vivianefreitas.com\/es\/biografia\/mi-infancia\/","og_site_name":"Blog Viviane Freitas","article_modified_time":"2012-02-07T15:42:36+00:00","twitter_card":"summary_large_image","twitter_misc":{"Tiempo de lectura":"2 minutos"},"schema":{"@context":"https:\/\/schema.org","@graph":[{"@type":"WebPage","@id":"https:\/\/www.vivianefreitas.com\/es\/biografia\/mi-infancia\/","url":"https:\/\/www.vivianefreitas.com\/es\/biografia\/mi-infancia\/","name":"Mi infancia - Blog Viviane Freitas","isPartOf":{"@id":"https:\/\/www.vivianefreitas.com\/es\/#website"},"datePublished":"2011-03-01T12:09:14+00:00","dateModified":"2012-02-07T15:42:36+00:00","breadcrumb":{"@id":"https:\/\/www.vivianefreitas.com\/es\/biografia\/mi-infancia\/#breadcrumb"},"inLanguage":"es","potentialAction":[{"@type":"ReadAction","target":["https:\/\/www.vivianefreitas.com\/es\/biografia\/mi-infancia\/"]}]},{"@type":"BreadcrumbList","@id":"https:\/\/www.vivianefreitas.com\/es\/biografia\/mi-infancia\/#breadcrumb","itemListElement":[{"@type":"ListItem","position":1,"name":"Sobre Mi","item":"https:\/\/www.vivianefreitas.com\/es\/biografia\/"},{"@type":"ListItem","position":2,"name":"Mi infancia"}]},{"@type":"WebSite","@id":"https:\/\/www.vivianefreitas.com\/es\/#website","url":"https:\/\/www.vivianefreitas.com\/es\/","name":"Blog Viviane Freitas","description":"Bienvenida a mi blog","potentialAction":[{"@type":"SearchAction","target":{"@type":"EntryPoint","urlTemplate":"https:\/\/www.vivianefreitas.com\/es\/?s={search_term_string}"},"query-input":{"@type":"PropertyValueSpecification","valueRequired":true,"valueName":"search_term_string"}}],"inLanguage":"es"}]}},"_links":{"self":[{"href":"https:\/\/www.vivianefreitas.com\/es\/wp-json\/wp\/v2\/pages\/552","targetHints":{"allow":["GET"]}}],"collection":[{"href":"https:\/\/www.vivianefreitas.com\/es\/wp-json\/wp\/v2\/pages"}],"about":[{"href":"https:\/\/www.vivianefreitas.com\/es\/wp-json\/wp\/v2\/types\/page"}],"author":[{"embeddable":true,"href":"https:\/\/www.vivianefreitas.com\/es\/wp-json\/wp\/v2\/users\/1"}],"replies":[{"embeddable":true,"href":"https:\/\/www.vivianefreitas.com\/es\/wp-json\/wp\/v2\/comments?post=552"}],"version-history":[{"count":2,"href":"https:\/\/www.vivianefreitas.com\/es\/wp-json\/wp\/v2\/pages\/552\/revisions"}],"predecessor-version":[{"id":15445,"href":"https:\/\/www.vivianefreitas.com\/es\/wp-json\/wp\/v2\/pages\/552\/revisions\/15445"}],"up":[{"embeddable":true,"href":"https:\/\/www.vivianefreitas.com\/es\/wp-json\/wp\/v2\/pages\/15007"}],"wp:attachment":[{"href":"https:\/\/www.vivianefreitas.com\/es\/wp-json\/wp\/v2\/media?parent=552"}],"curies":[{"name":"wp","href":"https:\/\/api.w.org\/{rel}","templated":true}]}}