{"id":15007,"date":"2011-02-09T13:59:26","date_gmt":"2011-02-09T13:59:26","guid":{"rendered":"http:\/\/www.vivianefreitas.com\/?page_id=2"},"modified":"2025-02-26T17:42:13","modified_gmt":"2025-02-26T16:42:13","slug":"biografia","status":"publish","type":"page","link":"https:\/\/www.vivianefreitas.com\/es\/biografia\/","title":{"rendered":"Sobre Mi"},"content":{"rendered":"<p style=\"text-align: justify\">Me llamo Viviane Freitas, nac\u00ed en Rio de Janeiro, Brasil, pero pas\u00e9 la mayor parte de mi infancia en Estados Unidos, soy hija de Edir Macedo y Ester Bezerra. Estoy casada hace 32 a\u00f1os, con Julio Freitas, tenemos dos hijos, Vera y Louis. He vivido en pa\u00edses de Am\u00e9rica del Sur, Estados Unidos y en otros pa\u00edses de Europa, actualmente vivo en Argentina. Realizo con mucha alegr\u00eda y entrega un trabajo que ayuda a millares de personas, entre mujeres y j\u00f3venes, por medio de grupos de apoyo familiar y social, junto el Centro de Ayuda.<\/p>\n<p style=\"text-align: justify\">Tal vez al leer un breve resumen de mi vida, pienses que todo siempre fueron flores, pero no lo fueron.<\/p>\n<p style=\"text-align: justify\">Nac\u00ed con Labio Leporino y el Paladar Hendido, y esto gener\u00f3 dentro de mi muchos traumas e inseguridades durante mi infancia y adolescencia. Crec\u00ed en un hogar lleno de cari\u00f1o y amor, donde ten\u00eda un padre y una madre muy unidos, esto se reflej\u00f3 en nuestra familia. Tuvimos toda la ternura que una madre puede dar, pero eso no me libr\u00f3 de descubrir que el mundo no era esa maravilla que yo ten\u00eda en casa; yo siendo muy joven empec\u00e9 a vivir un tormento en mi vida.<\/p>\n<p style=\"text-align: justify\">En casa yo era completamente feliz, pero al tener que enfrentar un mundo cruel afuera, empec\u00e9 a ser triste, amargada, oprimida, fui discriminada, atacada por todo tipo de palabras crueles que una ni\u00f1a puede o\u00edr; mis conflictos internos fueron evidentes en mi comportamiento.<\/p>\n<p style=\"text-align: justify\">Adem\u00e1s de esto, al lado de mi marido, Julio Freitas, incluso haciendo la obra de Dios juntos, pasamos por adaptaciones a lo largo de nuestros a\u00f1os de casados y esas experiencias nos hicieron madurar, principalmente con la perdida de nuestro hijos, esa situaci\u00f3n marc\u00f3 mucho mi vida y me ense\u00f1\u00f3 grandes lecciones. Con todo esto, tuve que aprender a superar mis conflictos externos e internos, tuve que encontrarme, confrontarme a mi misma y todo esto por mi cuenta.<\/p>\n<p style=\"text-align: justify\">Este fue el principal motivo que hizo surgir mi Blog, ya que el prop\u00f3sito del mismo es compartir con todos los internautas las experiencias que viv\u00ed a lo largo de mi vida, y sobre todo de c\u00f3mo super\u00e9 cada una de ellas.<\/p>\n<p style=\"text-align: justify\">Aqu\u00ed en mi Blog conocer\u00e1s m\u00e1s detalladamente cada una de esas historia, tengo la certeza de que te identificar\u00e1s y sorprender\u00e1s con mis relatos personales, el coraje de abrir mi diario para ti internauta es para mostrarte que as\u00ed como tu tienes, yo tambi\u00e9n tengo mis conflictos e inseguridades, pero aprend\u00ed el uso de una fe inteligente y con esto descubr\u00ed mis derechos, me volv\u00ed una mujer aut\u00e9ntica, fuerte y con mi propia personalidad, y es exactamente esto a lo que quiero llevarte que seas.<\/p>\n<p style=\"text-align: justify\">Adem\u00e1s de esto, siempre comparto a trav\u00e9s de mis audios, mensajes de auxilio de una fe inteligente para tu vida espiritual.<\/p>\n<p style=\"text-align: justify\">Estate c\u00f3moda para navegar por todo el blog y comparte conmigo a trav\u00e9s de tus comentarios lo que te ha ayudado.<\/p>\n<p style=\"text-align: justify\">Nos vemos en el pr\u00f3ximos art\u00edculos. \u00a1En la fe!<\/p>\n","protected":false},"excerpt":{"rendered":"<p>Me llamo Viviane Freitas, nac\u00ed en Rio de Janeiro, Brasil, pero pas\u00e9 la mayor parte de mi infancia en Estados Unidos, soy hija de Edir Macedo y Ester Bezerra. Estoy casada hace 32 a\u00f1os, con Julio Freitas, tenemos dos hijos, Vera y Louis. He vivido en pa\u00edses de Am\u00e9rica del Sur, Estados Unidos y en<\/p>\n<p class=\"bold\"><a href=\"https:\/\/www.vivianefreitas.com\/es\/biografia\/\">Leer m\u00e1s<\/a><\/p>\n","protected":false},"author":1,"featured_media":23242,"parent":0,"menu_order":0,"comment_status":"open","ping_status":"closed","template":"","meta":{"_monsterinsights_skip_tracking":false,"_monsterinsights_sitenote_active":false,"_monsterinsights_sitenote_note":"","_monsterinsights_sitenote_category":0,"footnotes":""},"class_list":["post-15007","page","type-page","status-publish","has-post-thumbnail","hentry"],"better_featured_image":{"id":23242,"alt_text":"","caption":"","description":"","media_type":"image","media_details":{"width":2000,"height":1333,"file":"2018\/05\/IMG_6266.jpg","image_meta":{"aperture":"4.5","credit":"","camera":"Canon EOS 550D","caption":"","created_timestamp":"1359660558","copyright":"iurd.pt","focal_length":"20","iso":"400","shutter_speed":"0.02","title":"","orientation":"1","keywords":[]},"sizes":{}},"post":15007,"source_url":"https:\/\/www.vivianefreitas.com\/es\/wp-content\/blogs.dir\/2\/files\/2018\/05\/IMG_6266.jpg"},"yoast_head":"<!-- This site is optimized with the Yoast SEO plugin v25.0 - https:\/\/yoast.com\/wordpress\/plugins\/seo\/ -->\n<title>Sobre Mi - Blog Viviane Freitas<\/title>\n<meta name=\"robots\" content=\"index, follow, max-snippet:-1, max-image-preview:large, max-video-preview:-1\" \/>\n<link rel=\"canonical\" href=\"https:\/\/www.vivianefreitas.com\/es\/biografia\/\" \/>\n<meta property=\"og:locale\" content=\"es_ES\" \/>\n<meta property=\"og:type\" content=\"article\" \/>\n<meta property=\"og:title\" content=\"Sobre Mi - Blog Viviane Freitas\" \/>\n<meta property=\"og:description\" content=\"Me llamo Viviane Freitas, nac\u00ed en Rio de Janeiro, Brasil, pero pas\u00e9 la mayor parte de mi infancia en Estados Unidos, soy hija de Edir Macedo y Ester Bezerra. Estoy casada hace 32 a\u00f1os, con Julio Freitas, tenemos dos hijos, Vera y Louis. He vivido en pa\u00edses de Am\u00e9rica del Sur, Estados Unidos y enLeer m\u00e1s\" \/>\n<meta property=\"og:url\" content=\"https:\/\/www.vivianefreitas.com\/es\/biografia\/\" \/>\n<meta property=\"og:site_name\" content=\"Blog Viviane Freitas\" \/>\n<meta property=\"article:modified_time\" content=\"2025-02-26T16:42:13+00:00\" \/>\n<meta property=\"og:image\" content=\"https:\/\/www.vivianefreitas.com\/es\/wp-content\/blogs.dir\/2\/files\/2018\/05\/IMG_6266.jpg\" \/>\n\t<meta property=\"og:image:width\" content=\"2000\" \/>\n\t<meta property=\"og:image:height\" content=\"1333\" \/>\n\t<meta property=\"og:image:type\" content=\"image\/jpeg\" \/>\n<meta name=\"twitter:card\" content=\"summary_large_image\" \/>\n<meta name=\"twitter:label1\" content=\"Tiempo de lectura\" \/>\n\t<meta name=\"twitter:data1\" content=\"3 minutos\" \/>\n<script type=\"application\/ld+json\" class=\"yoast-schema-graph\">{\"@context\":\"https:\/\/schema.org\",\"@graph\":[{\"@type\":\"WebPage\",\"@id\":\"https:\/\/www.vivianefreitas.com\/es\/biografia\/\",\"url\":\"https:\/\/www.vivianefreitas.com\/es\/biografia\/\",\"name\":\"Sobre Mi - Blog Viviane Freitas\",\"isPartOf\":{\"@id\":\"https:\/\/www.vivianefreitas.com\/es\/#website\"},\"primaryImageOfPage\":{\"@id\":\"https:\/\/www.vivianefreitas.com\/es\/biografia\/#primaryimage\"},\"image\":{\"@id\":\"https:\/\/www.vivianefreitas.com\/es\/biografia\/#primaryimage\"},\"thumbnailUrl\":\"https:\/\/www.vivianefreitas.com\/es\/wp-content\/blogs.dir\/2\/files\/2018\/05\/IMG_6266.jpg\",\"datePublished\":\"2011-02-09T13:59:26+00:00\",\"dateModified\":\"2025-02-26T16:42:13+00:00\",\"inLanguage\":\"es\",\"potentialAction\":[{\"@type\":\"ReadAction\",\"target\":[\"https:\/\/www.vivianefreitas.com\/es\/biografia\/\"]}]},{\"@type\":\"ImageObject\",\"inLanguage\":\"es\",\"@id\":\"https:\/\/www.vivianefreitas.com\/es\/biografia\/#primaryimage\",\"url\":\"https:\/\/www.vivianefreitas.com\/es\/wp-content\/blogs.dir\/2\/files\/2018\/05\/IMG_6266.jpg\",\"contentUrl\":\"https:\/\/www.vivianefreitas.com\/es\/wp-content\/blogs.dir\/2\/files\/2018\/05\/IMG_6266.jpg\",\"width\":2000,\"height\":1333},{\"@type\":\"WebSite\",\"@id\":\"https:\/\/www.vivianefreitas.com\/es\/#website\",\"url\":\"https:\/\/www.vivianefreitas.com\/es\/\",\"name\":\"Blog Viviane Freitas\",\"description\":\"Bienvenida a mi blog\",\"potentialAction\":[{\"@type\":\"SearchAction\",\"target\":{\"@type\":\"EntryPoint\",\"urlTemplate\":\"https:\/\/www.vivianefreitas.com\/es\/?s={search_term_string}\"},\"query-input\":{\"@type\":\"PropertyValueSpecification\",\"valueRequired\":true,\"valueName\":\"search_term_string\"}}],\"inLanguage\":\"es\"}]}<\/script>\n<!-- \/ Yoast SEO plugin. -->","yoast_head_json":{"title":"Sobre Mi - Blog Viviane Freitas","robots":{"index":"index","follow":"follow","max-snippet":"max-snippet:-1","max-image-preview":"max-image-preview:large","max-video-preview":"max-video-preview:-1"},"canonical":"https:\/\/www.vivianefreitas.com\/es\/biografia\/","og_locale":"es_ES","og_type":"article","og_title":"Sobre Mi - Blog Viviane Freitas","og_description":"Me llamo Viviane Freitas, nac\u00ed en Rio de Janeiro, Brasil, pero pas\u00e9 la mayor parte de mi infancia en Estados Unidos, soy hija de Edir Macedo y Ester Bezerra. Estoy casada hace 32 a\u00f1os, con Julio Freitas, tenemos dos hijos, Vera y Louis. He vivido en pa\u00edses de Am\u00e9rica del Sur, Estados Unidos y enLeer m\u00e1s","og_url":"https:\/\/www.vivianefreitas.com\/es\/biografia\/","og_site_name":"Blog Viviane Freitas","article_modified_time":"2025-02-26T16:42:13+00:00","og_image":[{"width":2000,"height":1333,"url":"https:\/\/www.vivianefreitas.com\/es\/wp-content\/blogs.dir\/2\/files\/2018\/05\/IMG_6266.jpg","type":"image\/jpeg"}],"twitter_card":"summary_large_image","twitter_misc":{"Tiempo de lectura":"3 minutos"},"schema":{"@context":"https:\/\/schema.org","@graph":[{"@type":"WebPage","@id":"https:\/\/www.vivianefreitas.com\/es\/biografia\/","url":"https:\/\/www.vivianefreitas.com\/es\/biografia\/","name":"Sobre Mi - Blog Viviane Freitas","isPartOf":{"@id":"https:\/\/www.vivianefreitas.com\/es\/#website"},"primaryImageOfPage":{"@id":"https:\/\/www.vivianefreitas.com\/es\/biografia\/#primaryimage"},"image":{"@id":"https:\/\/www.vivianefreitas.com\/es\/biografia\/#primaryimage"},"thumbnailUrl":"https:\/\/www.vivianefreitas.com\/es\/wp-content\/blogs.dir\/2\/files\/2018\/05\/IMG_6266.jpg","datePublished":"2011-02-09T13:59:26+00:00","dateModified":"2025-02-26T16:42:13+00:00","inLanguage":"es","potentialAction":[{"@type":"ReadAction","target":["https:\/\/www.vivianefreitas.com\/es\/biografia\/"]}]},{"@type":"ImageObject","inLanguage":"es","@id":"https:\/\/www.vivianefreitas.com\/es\/biografia\/#primaryimage","url":"https:\/\/www.vivianefreitas.com\/es\/wp-content\/blogs.dir\/2\/files\/2018\/05\/IMG_6266.jpg","contentUrl":"https:\/\/www.vivianefreitas.com\/es\/wp-content\/blogs.dir\/2\/files\/2018\/05\/IMG_6266.jpg","width":2000,"height":1333},{"@type":"WebSite","@id":"https:\/\/www.vivianefreitas.com\/es\/#website","url":"https:\/\/www.vivianefreitas.com\/es\/","name":"Blog Viviane Freitas","description":"Bienvenida a mi blog","potentialAction":[{"@type":"SearchAction","target":{"@type":"EntryPoint","urlTemplate":"https:\/\/www.vivianefreitas.com\/es\/?s={search_term_string}"},"query-input":{"@type":"PropertyValueSpecification","valueRequired":true,"valueName":"search_term_string"}}],"inLanguage":"es"}]}},"_links":{"self":[{"href":"https:\/\/www.vivianefreitas.com\/es\/wp-json\/wp\/v2\/pages\/15007","targetHints":{"allow":["GET"]}}],"collection":[{"href":"https:\/\/www.vivianefreitas.com\/es\/wp-json\/wp\/v2\/pages"}],"about":[{"href":"https:\/\/www.vivianefreitas.com\/es\/wp-json\/wp\/v2\/types\/page"}],"author":[{"embeddable":true,"href":"https:\/\/www.vivianefreitas.com\/es\/wp-json\/wp\/v2\/users\/1"}],"replies":[{"embeddable":true,"href":"https:\/\/www.vivianefreitas.com\/es\/wp-json\/wp\/v2\/comments?post=15007"}],"version-history":[{"count":12,"href":"https:\/\/www.vivianefreitas.com\/es\/wp-json\/wp\/v2\/pages\/15007\/revisions"}],"predecessor-version":[{"id":33125,"href":"https:\/\/www.vivianefreitas.com\/es\/wp-json\/wp\/v2\/pages\/15007\/revisions\/33125"}],"wp:featuredmedia":[{"embeddable":true,"href":"https:\/\/www.vivianefreitas.com\/es\/wp-json\/wp\/v2\/media\/23242"}],"wp:attachment":[{"href":"https:\/\/www.vivianefreitas.com\/es\/wp-json\/wp\/v2\/media?parent=15007"}],"curies":[{"name":"wp","href":"https:\/\/api.w.org\/{rel}","templated":true}]}}